{"id":1727,"date":"2025-03-15T14:28:23","date_gmt":"2025-03-15T14:28:23","guid":{"rendered":"https:\/\/hude-dmt.com\/ressourcen"},"modified":"2025-09-22T14:30:03","modified_gmt":"2025-09-22T14:30:03","slug":"ressourcen","status":"publish","type":"page","link":"https:\/\/hude-dmt.com\/de\/ressourcen","title":{"rendered":"Ressourcen"},"content":{"rendered":"\t\t<div data-elementor-type=\"wp-page\" data-elementor-id=\"1727\" class=\"elementor elementor-1727 elementor-1548\" data-elementor-post-type=\"page\">\n\t\t\t\t<div class=\"elementor-element elementor-element-a9bed6b e-flex e-con-boxed e-con e-parent\" data-id=\"a9bed6b\" data-element_type=\"container\" data-e-type=\"container\">\n\t\t\t\t\t<div class=\"e-con-inner\">\n\t\t<div class=\"elementor-element elementor-element-abc5726 e-con-full e-flex e-con e-child\" data-id=\"abc5726\" data-element_type=\"container\" data-e-type=\"container\">\n\t\t\t\t<div class=\"elementor-element elementor-element-5af887a8 elementor-widget elementor-widget-elementskit-heading\" data-id=\"5af887a8\" data-element_type=\"widget\" data-e-type=\"widget\" data-widget_type=\"elementskit-heading.default\">\n\t\t\t\t<div class=\"elementor-widget-container\">\n\t\t\t\t\t<div class=\"ekit-wid-con\" ><div class=\"ekit-heading elementskit-section-title-wraper text_center   ekit_heading_tablet-   ekit_heading_mobile-\"><span class=\"elementskit-section-subtitle  \">\n\t\t\t\t\t\tRessourcen\n\t\t\t\t\t<\/span><\/div><\/div>\t\t\t\t<\/div>\n\t\t\t\t<\/div>\n\t\t\t\t<div class=\"elementor-element elementor-element-424e3913 elementor-widget elementor-widget-heading\" data-id=\"424e3913\" data-element_type=\"widget\" data-e-type=\"widget\" data-widget_type=\"heading.default\">\n\t\t\t\t<div class=\"elementor-widget-container\">\n\t\t\t\t\t<h2 class=\"elementor-heading-title elementor-size-default\">Download-Center<\/h2>\t\t\t\t<\/div>\n\t\t\t\t<\/div>\n\t\t\t\t<div class=\"elementor-element elementor-element-50ccfd48 elementor-widget elementor-widget-text-editor\" data-id=\"50ccfd48\" data-element_type=\"widget\" data-e-type=\"widget\" data-widget_type=\"text-editor.default\">\n\t\t\t\t<div class=\"elementor-widget-container\">\n\t\t\t\t\t\t\t\t\t<p>Greifen Sie auf unsere neuesten Brosch\u00fcren zu und entdecken Sie die fortschrittlichen L\u00f6sungen von HuDe DMT f\u00fcr Automobilsicherheit,<br>Batterie\u00fcberwachung und intelligente Testsysteme.<br>Holen Sie sich alle Informationen, die Sie ben\u00f6tigen, an einem Ort.<\/p>\t\t\t\t\t\t\t\t<\/div>\n\t\t\t\t<\/div>\n\t\t\t\t<\/div>\n\t\t\t\t\t<\/div>\n\t\t\t\t<\/div>\n\t\t<div class=\"elementor-element elementor-element-1406ffa e-flex e-con-boxed e-con e-parent\" data-id=\"1406ffa\" data-element_type=\"container\" data-e-type=\"container\" data-settings=\"{&quot;background_background&quot;:&quot;gradient&quot;,&quot;sticky&quot;:&quot;top&quot;,&quot;sticky_on&quot;:[&quot;desktop&quot;,&quot;laptop&quot;],&quot;sticky_offset&quot;:0,&quot;sticky_effects_offset&quot;:0,&quot;sticky_anchor_link_offset&quot;:0}\">\n\t\t\t\t\t<div class=\"e-con-inner\">\n\t\t\t\t<div class=\"elementor-element elementor-element-7a90180 elementor-nav-menu__align-center elementor-nav-menu--dropdown-none elementor-widget elementor-widget-nav-menu\" data-id=\"7a90180\" data-element_type=\"widget\" data-e-type=\"widget\" data-settings=\"{&quot;layout&quot;:&quot;horizontal&quot;,&quot;submenu_icon&quot;:{&quot;value&quot;:&quot;&lt;svg aria-hidden=\\&quot;true\\&quot; class=\\&quot;e-font-icon-svg e-fas-caret-down\\&quot; viewBox=\\&quot;0 0 320 512\\&quot; xmlns=\\&quot;http:\\\/\\\/www.w3.org\\\/2000\\\/svg\\&quot;&gt;&lt;path d=\\&quot;M31.3 192h257.3c17.8 0 26.7 21.5 14.1 34.1L174.1 354.8c-7.8 7.8-20.5 7.8-28.3 0L17.2 226.1C4.6 213.5 13.5 192 31.3 192z\\&quot;&gt;&lt;\\\/path&gt;&lt;\\\/svg&gt;&quot;,&quot;library&quot;:&quot;fa-solid&quot;}}\" data-widget_type=\"nav-menu.default\">\n\t\t\t\t<div class=\"elementor-widget-container\">\n\t\t\t\t\t\t\t\t<nav aria-label=\"Menu\" class=\"elementor-nav-menu--main elementor-nav-menu__container elementor-nav-menu--layout-horizontal e--pointer-underline e--animation-fade\">\n\t\t\t\t<ul id=\"menu-1-7a90180\" class=\"elementor-nav-menu\"><li class=\"menu-item menu-item-type-custom menu-item-object-custom menu-item-1563\"><a href=\"#brochures\" class=\"elementor-item elementor-item-anchor\">Brochures<\/a><\/li>\n<\/ul>\t\t\t<\/nav>\n\t\t\t\t\t\t<nav class=\"elementor-nav-menu--dropdown elementor-nav-menu__container\" aria-hidden=\"true\">\n\t\t\t\t<ul id=\"menu-2-7a90180\" class=\"elementor-nav-menu\"><li class=\"menu-item menu-item-type-custom menu-item-object-custom menu-item-1563\"><a href=\"#brochures\" class=\"elementor-item elementor-item-anchor\" tabindex=\"-1\">Brochures<\/a><\/li>\n<\/ul>\t\t\t<\/nav>\n\t\t\t\t\t\t<\/div>\n\t\t\t\t<\/div>\n\t\t\t\t\t<\/div>\n\t\t\t\t<\/div>\n\t\t<div class=\"elementor-element elementor-element-224d2d71 e-flex e-con-boxed e-con e-parent\" data-id=\"224d2d71\" data-element_type=\"container\" data-e-type=\"container\" id=\"brochures\" data-settings=\"{&quot;background_background&quot;:&quot;classic&quot;}\">\n\t\t\t\t\t<div class=\"e-con-inner\">\n\t\t<div class=\"elementor-element elementor-element-11bb4dd2 e-con-full e-flex e-con e-child\" data-id=\"11bb4dd2\" data-element_type=\"container\" data-e-type=\"container\">\n\t\t<a class=\"elementor-element elementor-element-9559535 e-con-full e-flex e-con e-child\" data-id=\"9559535\" data-element_type=\"container\" data-e-type=\"container\" href=\"http:\/\/cdn.hude-dmt.com\/SDT_Brochure_DMT.pdf\" target=\"_blank\">\n\t\t\t\t<div class=\"elementor-element elementor-element-0204fed elementor-widget elementor-widget-elementskit-heading\" data-id=\"0204fed\" data-element_type=\"widget\" data-e-type=\"widget\" data-widget_type=\"elementskit-heading.default\">\n\t\t\t\t<div class=\"elementor-widget-container\">\n\t\t\t\t\t<div class=\"ekit-wid-con\" ><div class=\"ekit-heading elementskit-section-title-wraper text_center   ekit_heading_tablet-   ekit_heading_mobile-\"><span class=\"elementskit-section-subtitle  \">\n\t\t\t\t\t\tSDT\n\t\t\t\t\t<\/span><\/div><\/div>\t\t\t\t<\/div>\n\t\t\t\t<\/div>\n\t\t\t\t<div class=\"elementor-element elementor-element-4d88e7b elementor-widget elementor-widget-image\" data-id=\"4d88e7b\" data-element_type=\"widget\" data-e-type=\"widget\" data-widget_type=\"image.default\">\n\t\t\t\t<div class=\"elementor-widget-container\">\n\t\t\t\t\t\t\t\t\t\t\t\t\t\t\t<img fetchpriority=\"high\" decoding=\"async\" width=\"725\" height=\"1024\" src=\"https:\/\/hude-dmt.com\/wp-content\/uploads\/2025\/09\/SDT-725x1024.jpg\" class=\"attachment-large size-large wp-image-1731\" alt=\"\" srcset=\"https:\/\/hude-dmt.com\/wp-content\/uploads\/2025\/09\/SDT-725x1024.jpg 725w, https:\/\/hude-dmt.com\/wp-content\/uploads\/2025\/09\/SDT-212x300.jpg 212w, https:\/\/hude-dmt.com\/wp-content\/uploads\/2025\/09\/SDT-768x1085.jpg 768w, https:\/\/hude-dmt.com\/wp-content\/uploads\/2025\/09\/SDT-1088x1536.jpg 1088w, https:\/\/hude-dmt.com\/wp-content\/uploads\/2025\/09\/SDT.jpg 1218w\" sizes=\"(max-width: 725px) 100vw, 725px\" \/>\t\t\t\t\t\t\t\t\t\t\t\t\t\t\t<\/div>\n\t\t\t\t<\/div>\n\t\t\t\t<\/a>\n\t\t<a class=\"elementor-element elementor-element-6d0ad66 e-con-full e-flex e-con e-child\" data-id=\"6d0ad66\" data-element_type=\"container\" data-e-type=\"container\" href=\"http:\/\/cdn.hude-dmt.com\/DTTS_Brochure_DMT.pdf\" target=\"_blank\">\n\t\t\t\t<div class=\"elementor-element elementor-element-0023a6f elementor-widget elementor-widget-elementskit-heading\" data-id=\"0023a6f\" data-element_type=\"widget\" data-e-type=\"widget\" data-widget_type=\"elementskit-heading.default\">\n\t\t\t\t<div class=\"elementor-widget-container\">\n\t\t\t\t\t<div class=\"ekit-wid-con\" ><div class=\"ekit-heading elementskit-section-title-wraper text_center   ekit_heading_tablet-   ekit_heading_mobile-\"><span class=\"elementskit-section-subtitle  \">\n\t\t\t\t\t\tDTTS\n\t\t\t\t\t<\/span><\/div><\/div>\t\t\t\t<\/div>\n\t\t\t\t<\/div>\n\t\t\t\t<div class=\"elementor-element elementor-element-7dbbf66 elementor-widget elementor-widget-image\" data-id=\"7dbbf66\" data-element_type=\"widget\" data-e-type=\"widget\" data-widget_type=\"image.default\">\n\t\t\t\t<div class=\"elementor-widget-container\">\n\t\t\t\t\t\t\t\t\t\t\t\t\t\t\t<img decoding=\"async\" width=\"723\" height=\"1024\" src=\"https:\/\/hude-dmt.com\/wp-content\/uploads\/2025\/09\/DTTS-723x1024.jpg\" class=\"attachment-large size-large wp-image-1728\" alt=\"\" srcset=\"https:\/\/hude-dmt.com\/wp-content\/uploads\/2025\/09\/DTTS-723x1024.jpg 723w, https:\/\/hude-dmt.com\/wp-content\/uploads\/2025\/09\/DTTS-212x300.jpg 212w, https:\/\/hude-dmt.com\/wp-content\/uploads\/2025\/09\/DTTS-768x1087.jpg 768w, https:\/\/hude-dmt.com\/wp-content\/uploads\/2025\/09\/DTTS-1085x1536.jpg 1085w, https:\/\/hude-dmt.com\/wp-content\/uploads\/2025\/09\/DTTS.jpg 1212w\" sizes=\"(max-width: 723px) 100vw, 723px\" \/>\t\t\t\t\t\t\t\t\t\t\t\t\t\t\t<\/div>\n\t\t\t\t<\/div>\n\t\t\t\t<\/a>\n\t\t<a class=\"elementor-element elementor-element-f724f66 e-con-full e-flex e-con e-child\" data-id=\"f724f66\" data-element_type=\"container\" data-e-type=\"container\" href=\"http:\/\/cdn.hude-dmt.com\/LIP_Brochure_DMT.pdf\" target=\"_blank\">\n\t\t\t\t<div class=\"elementor-element elementor-element-5086504 elementor-widget elementor-widget-elementskit-heading\" data-id=\"5086504\" data-element_type=\"widget\" data-e-type=\"widget\" data-widget_type=\"elementskit-heading.default\">\n\t\t\t\t<div class=\"elementor-widget-container\">\n\t\t\t\t\t<div class=\"ekit-wid-con\" ><div class=\"ekit-heading elementskit-section-title-wraper text_center   ekit_heading_tablet-   ekit_heading_mobile-\"><span class=\"elementskit-section-subtitle  \">\n\t\t\t\t\t\tLIP\n\t\t\t\t\t<\/span><\/div><\/div>\t\t\t\t<\/div>\n\t\t\t\t<\/div>\n\t\t\t\t<div class=\"elementor-element elementor-element-409a41c elementor-widget elementor-widget-image\" data-id=\"409a41c\" data-element_type=\"widget\" data-e-type=\"widget\" data-widget_type=\"image.default\">\n\t\t\t\t<div class=\"elementor-widget-container\">\n\t\t\t\t\t\t\t\t\t\t\t\t\t\t\t<img decoding=\"async\" width=\"721\" height=\"1024\" src=\"https:\/\/hude-dmt.com\/wp-content\/uploads\/2025\/09\/LIP-721x1024.jpg\" class=\"attachment-large size-large wp-image-1730\" alt=\"\" srcset=\"https:\/\/hude-dmt.com\/wp-content\/uploads\/2025\/09\/LIP-721x1024.jpg 721w, https:\/\/hude-dmt.com\/wp-content\/uploads\/2025\/09\/LIP-211x300.jpg 211w, https:\/\/hude-dmt.com\/wp-content\/uploads\/2025\/09\/LIP-768x1091.jpg 768w, https:\/\/hude-dmt.com\/wp-content\/uploads\/2025\/09\/LIP-1081x1536.jpg 1081w, https:\/\/hude-dmt.com\/wp-content\/uploads\/2025\/09\/LIP.jpg 1212w\" sizes=\"(max-width: 721px) 100vw, 721px\" \/>\t\t\t\t\t\t\t\t\t\t\t\t\t\t\t<\/div>\n\t\t\t\t<\/div>\n\t\t\t\t<\/a>\n\t\t<a class=\"elementor-element elementor-element-4e9990a e-con-full e-flex e-con e-child\" data-id=\"4e9990a\" data-element_type=\"container\" data-e-type=\"container\" href=\"http:\/\/cdn.hude-dmt.com\/CTTS_Brochure_DMT.pdf\" target=\"_blank\">\n\t\t\t\t<div class=\"elementor-element elementor-element-7118e8b elementor-widget elementor-widget-elementskit-heading\" data-id=\"7118e8b\" data-element_type=\"widget\" data-e-type=\"widget\" data-widget_type=\"elementskit-heading.default\">\n\t\t\t\t<div class=\"elementor-widget-container\">\n\t\t\t\t\t<div class=\"ekit-wid-con\" ><div class=\"ekit-heading elementskit-section-title-wraper text_right   ekit_heading_tablet-   ekit_heading_mobile-\"><span class=\"elementskit-section-subtitle  \">\n\t\t\t\t\t\tCTTS\n\t\t\t\t\t<\/span><\/div><\/div>\t\t\t\t<\/div>\n\t\t\t\t<\/div>\n\t\t\t\t<div class=\"elementor-element elementor-element-46664cf elementor-widget elementor-widget-image\" data-id=\"46664cf\" data-element_type=\"widget\" data-e-type=\"widget\" data-widget_type=\"image.default\">\n\t\t\t\t<div class=\"elementor-widget-container\">\n\t\t\t\t\t\t\t\t\t\t\t\t\t\t\t<img loading=\"lazy\" decoding=\"async\" width=\"725\" height=\"1024\" src=\"https:\/\/hude-dmt.com\/wp-content\/uploads\/2025\/09\/CCTS-725x1024.jpg\" class=\"attachment-large size-large wp-image-1729\" alt=\"\" srcset=\"https:\/\/hude-dmt.com\/wp-content\/uploads\/2025\/09\/CCTS-725x1024.jpg 725w, https:\/\/hude-dmt.com\/wp-content\/uploads\/2025\/09\/CCTS-212x300.jpg 212w, https:\/\/hude-dmt.com\/wp-content\/uploads\/2025\/09\/CCTS-768x1085.jpg 768w, https:\/\/hude-dmt.com\/wp-content\/uploads\/2025\/09\/CCTS-1088x1536.jpg 1088w, https:\/\/hude-dmt.com\/wp-content\/uploads\/2025\/09\/CCTS.jpg 1218w\" sizes=\"(max-width: 725px) 100vw, 725px\" \/>\t\t\t\t\t\t\t\t\t\t\t\t\t\t\t<\/div>\n\t\t\t\t<\/div>\n\t\t\t\t<\/a>\n\t\t\t\t<\/div>\n\t\t\t\t\t<\/div>\n\t\t\t\t<\/div>\n\t\t\t\t<\/div>\n\t\t","protected":false},"excerpt":{"rendered":"<p>Ressourcen Download-Center Greifen Sie auf unsere neuesten Brosch\u00fcren zu und entdecken Sie die fortschrittlichen L\u00f6sungen von HuDe DMT f\u00fcr Automobilsicherheit,Batterie\u00fcberwachung und intelligente Testsysteme.Holen Sie sich alle Informationen, die Sie ben\u00f6tigen, an einem Ort. SDT DTTS LIP CTTS<\/p>\n","protected":false},"author":1,"featured_media":0,"parent":0,"menu_order":0,"comment_status":"closed","ping_status":"closed","template":"","meta":{"footnotes":""},"class_list":["post-1727","page","type-page","status-publish","hentry"],"yoast_head":"<!-- This site is optimized with the Yoast SEO plugin v26.6 - https:\/\/yoast.com\/wordpress\/plugins\/seo\/ -->\n<title>Download-Center \u2013 HuDe DMT Brosch\u00fcren &amp; Testl\u00f6sungen<\/title>\n<meta name=\"description\" content=\"Greifen Sie auf die Brosch\u00fcren von HuDe DMT zu und entdecken Sie fortschrittliche L\u00f6sungen f\u00fcr Automobilsicherheit, Batterie\u00fcberwachung und intelligente Testsysteme. Alle Downloads an einem Ort.\" \/>\n<meta name=\"robots\" content=\"index, follow, max-snippet:-1, max-image-preview:large, max-video-preview:-1\" \/>\n<link rel=\"canonical\" href=\"https:\/\/hude-dmt.com\/de\/ressourcen\" \/>\n<meta property=\"og:locale\" content=\"de_DE\" \/>\n<meta property=\"og:type\" content=\"article\" \/>\n<meta property=\"og:title\" content=\"Download-Center \u2013 HuDe DMT Brosch\u00fcren &amp; Testl\u00f6sungen\" \/>\n<meta property=\"og:description\" content=\"Greifen Sie auf die Brosch\u00fcren von HuDe DMT zu und entdecken Sie fortschrittliche L\u00f6sungen f\u00fcr Automobilsicherheit, Batterie\u00fcberwachung und intelligente Testsysteme. Alle Downloads an einem Ort.\" \/>\n<meta property=\"og:url\" content=\"https:\/\/hude-dmt.com\/de\/ressourcen\" \/>\n<meta property=\"og:site_name\" content=\"HuDe Datenmesstechnik GmbH\" \/>\n<meta property=\"article:modified_time\" content=\"2025-09-22T14:30:03+00:00\" \/>\n<meta property=\"og:image\" content=\"https:\/\/hude-dmt.com\/wp-content\/uploads\/2025\/09\/SDT.jpg\" \/>\n\t<meta property=\"og:image:width\" content=\"1218\" \/>\n\t<meta property=\"og:image:height\" content=\"1720\" \/>\n\t<meta property=\"og:image:type\" content=\"image\/jpeg\" \/>\n<meta name=\"twitter:card\" content=\"summary_large_image\" \/>\n<script type=\"application\/ld+json\" class=\"yoast-schema-graph\">{\"@context\":\"https:\/\/schema.org\",\"@graph\":[{\"@type\":\"WebPage\",\"@id\":\"https:\/\/hude-dmt.com\/de\/ressourcen\",\"url\":\"https:\/\/hude-dmt.com\/de\/ressourcen\",\"name\":\"Download-Center \u2013 HuDe DMT Brosch\u00fcren & Testl\u00f6sungen\",\"isPartOf\":{\"@id\":\"https:\/\/hude-dmt.com\/de#website\"},\"primaryImageOfPage\":{\"@id\":\"https:\/\/hude-dmt.com\/de\/ressourcen#primaryimage\"},\"image\":{\"@id\":\"https:\/\/hude-dmt.com\/de\/ressourcen#primaryimage\"},\"thumbnailUrl\":\"https:\/\/hude-dmt.com\/wp-content\/uploads\/2025\/09\/SDT-725x1024.jpg\",\"datePublished\":\"2025-03-15T14:28:23+00:00\",\"dateModified\":\"2025-09-22T14:30:03+00:00\",\"description\":\"Greifen Sie auf die Brosch\u00fcren von HuDe DMT zu und entdecken Sie fortschrittliche L\u00f6sungen f\u00fcr Automobilsicherheit, Batterie\u00fcberwachung und intelligente Testsysteme. Alle Downloads an einem Ort.\",\"breadcrumb\":{\"@id\":\"https:\/\/hude-dmt.com\/de\/ressourcen#breadcrumb\"},\"inLanguage\":\"de\",\"potentialAction\":[{\"@type\":\"ReadAction\",\"target\":[\"https:\/\/hude-dmt.com\/de\/ressourcen\"]}]},{\"@type\":\"ImageObject\",\"inLanguage\":\"de\",\"@id\":\"https:\/\/hude-dmt.com\/de\/ressourcen#primaryimage\",\"url\":\"https:\/\/hude-dmt.com\/wp-content\/uploads\/2025\/09\/SDT-725x1024.jpg\",\"contentUrl\":\"https:\/\/hude-dmt.com\/wp-content\/uploads\/2025\/09\/SDT-725x1024.jpg\"},{\"@type\":\"BreadcrumbList\",\"@id\":\"https:\/\/hude-dmt.com\/de\/ressourcen#breadcrumb\",\"itemListElement\":[{\"@type\":\"ListItem\",\"position\":1,\"name\":\"Startseite\",\"item\":\"https:\/\/hude-dmt.com\/de\"},{\"@type\":\"ListItem\",\"position\":2,\"name\":\"Ressourcen\"}]},{\"@type\":\"WebSite\",\"@id\":\"https:\/\/hude-dmt.com\/de#website\",\"url\":\"https:\/\/hude-dmt.com\/de\",\"name\":\"HuDe Datenmesstechnik GmbH\",\"description\":\"\",\"publisher\":{\"@id\":\"https:\/\/hude-dmt.com\/de#organization\"},\"potentialAction\":[{\"@type\":\"SearchAction\",\"target\":{\"@type\":\"EntryPoint\",\"urlTemplate\":\"https:\/\/hude-dmt.com\/de?s={search_term_string}\"},\"query-input\":{\"@type\":\"PropertyValueSpecification\",\"valueRequired\":true,\"valueName\":\"search_term_string\"}}],\"inLanguage\":\"de\"},{\"@type\":\"Organization\",\"@id\":\"https:\/\/hude-dmt.com\/de#organization\",\"name\":\"HuDe Datenmesstechnik GmbH\",\"url\":\"https:\/\/hude-dmt.com\/de\",\"logo\":{\"@type\":\"ImageObject\",\"inLanguage\":\"de\",\"@id\":\"https:\/\/hude-dmt.com\/de#\/schema\/logo\/image\/\",\"url\":\"https:\/\/hude-dmt.com\/wp-content\/uploads\/2024\/08\/HuDe_Logo_c.svg\",\"contentUrl\":\"https:\/\/hude-dmt.com\/wp-content\/uploads\/2024\/08\/HuDe_Logo_c.svg\",\"width\":300,\"height\":75,\"caption\":\"HuDe Datenmesstechnik GmbH\"},\"image\":{\"@id\":\"https:\/\/hude-dmt.com\/de#\/schema\/logo\/image\/\"},\"sameAs\":[\"https:\/\/de.linkedin.com\/company\/hude-dmt\"]}]}<\/script>\n<!-- \/ Yoast SEO plugin. -->","yoast_head_json":{"title":"Download-Center \u2013 HuDe DMT Brosch\u00fcren & Testl\u00f6sungen","description":"Greifen Sie auf die Brosch\u00fcren von HuDe DMT zu und entdecken Sie fortschrittliche L\u00f6sungen f\u00fcr Automobilsicherheit, Batterie\u00fcberwachung und intelligente Testsysteme. Alle Downloads an einem Ort.","robots":{"index":"index","follow":"follow","max-snippet":"max-snippet:-1","max-image-preview":"max-image-preview:large","max-video-preview":"max-video-preview:-1"},"canonical":"https:\/\/hude-dmt.com\/de\/ressourcen","og_locale":"de_DE","og_type":"article","og_title":"Download-Center \u2013 HuDe DMT Brosch\u00fcren & Testl\u00f6sungen","og_description":"Greifen Sie auf die Brosch\u00fcren von HuDe DMT zu und entdecken Sie fortschrittliche L\u00f6sungen f\u00fcr Automobilsicherheit, Batterie\u00fcberwachung und intelligente Testsysteme. Alle Downloads an einem Ort.","og_url":"https:\/\/hude-dmt.com\/de\/ressourcen","og_site_name":"HuDe Datenmesstechnik GmbH","article_modified_time":"2025-09-22T14:30:03+00:00","og_image":[{"width":1218,"height":1720,"url":"https:\/\/hude-dmt.com\/wp-content\/uploads\/2025\/09\/SDT.jpg","type":"image\/jpeg"}],"twitter_card":"summary_large_image","schema":{"@context":"https:\/\/schema.org","@graph":[{"@type":"WebPage","@id":"https:\/\/hude-dmt.com\/de\/ressourcen","url":"https:\/\/hude-dmt.com\/de\/ressourcen","name":"Download-Center \u2013 HuDe DMT Brosch\u00fcren & Testl\u00f6sungen","isPartOf":{"@id":"https:\/\/hude-dmt.com\/de#website"},"primaryImageOfPage":{"@id":"https:\/\/hude-dmt.com\/de\/ressourcen#primaryimage"},"image":{"@id":"https:\/\/hude-dmt.com\/de\/ressourcen#primaryimage"},"thumbnailUrl":"https:\/\/hude-dmt.com\/wp-content\/uploads\/2025\/09\/SDT-725x1024.jpg","datePublished":"2025-03-15T14:28:23+00:00","dateModified":"2025-09-22T14:30:03+00:00","description":"Greifen Sie auf die Brosch\u00fcren von HuDe DMT zu und entdecken Sie fortschrittliche L\u00f6sungen f\u00fcr Automobilsicherheit, Batterie\u00fcberwachung und intelligente Testsysteme. Alle Downloads an einem Ort.","breadcrumb":{"@id":"https:\/\/hude-dmt.com\/de\/ressourcen#breadcrumb"},"inLanguage":"de","potentialAction":[{"@type":"ReadAction","target":["https:\/\/hude-dmt.com\/de\/ressourcen"]}]},{"@type":"ImageObject","inLanguage":"de","@id":"https:\/\/hude-dmt.com\/de\/ressourcen#primaryimage","url":"https:\/\/hude-dmt.com\/wp-content\/uploads\/2025\/09\/SDT-725x1024.jpg","contentUrl":"https:\/\/hude-dmt.com\/wp-content\/uploads\/2025\/09\/SDT-725x1024.jpg"},{"@type":"BreadcrumbList","@id":"https:\/\/hude-dmt.com\/de\/ressourcen#breadcrumb","itemListElement":[{"@type":"ListItem","position":1,"name":"Startseite","item":"https:\/\/hude-dmt.com\/de"},{"@type":"ListItem","position":2,"name":"Ressourcen"}]},{"@type":"WebSite","@id":"https:\/\/hude-dmt.com\/de#website","url":"https:\/\/hude-dmt.com\/de","name":"HuDe Datenmesstechnik GmbH","description":"","publisher":{"@id":"https:\/\/hude-dmt.com\/de#organization"},"potentialAction":[{"@type":"SearchAction","target":{"@type":"EntryPoint","urlTemplate":"https:\/\/hude-dmt.com\/de?s={search_term_string}"},"query-input":{"@type":"PropertyValueSpecification","valueRequired":true,"valueName":"search_term_string"}}],"inLanguage":"de"},{"@type":"Organization","@id":"https:\/\/hude-dmt.com\/de#organization","name":"HuDe Datenmesstechnik GmbH","url":"https:\/\/hude-dmt.com\/de","logo":{"@type":"ImageObject","inLanguage":"de","@id":"https:\/\/hude-dmt.com\/de#\/schema\/logo\/image\/","url":"https:\/\/hude-dmt.com\/wp-content\/uploads\/2024\/08\/HuDe_Logo_c.svg","contentUrl":"https:\/\/hude-dmt.com\/wp-content\/uploads\/2024\/08\/HuDe_Logo_c.svg","width":300,"height":75,"caption":"HuDe Datenmesstechnik GmbH"},"image":{"@id":"https:\/\/hude-dmt.com\/de#\/schema\/logo\/image\/"},"sameAs":["https:\/\/de.linkedin.com\/company\/hude-dmt"]}]}},"_links":{"self":[{"href":"https:\/\/hude-dmt.com\/de\/wp-json\/wp\/v2\/pages\/1727","targetHints":{"allow":["GET"]}}],"collection":[{"href":"https:\/\/hude-dmt.com\/de\/wp-json\/wp\/v2\/pages"}],"about":[{"href":"https:\/\/hude-dmt.com\/de\/wp-json\/wp\/v2\/types\/page"}],"author":[{"embeddable":true,"href":"https:\/\/hude-dmt.com\/de\/wp-json\/wp\/v2\/users\/1"}],"replies":[{"embeddable":true,"href":"https:\/\/hude-dmt.com\/de\/wp-json\/wp\/v2\/comments?post=1727"}],"version-history":[{"count":1,"href":"https:\/\/hude-dmt.com\/de\/wp-json\/wp\/v2\/pages\/1727\/revisions"}],"predecessor-version":[{"id":1734,"href":"https:\/\/hude-dmt.com\/de\/wp-json\/wp\/v2\/pages\/1727\/revisions\/1734"}],"wp:attachment":[{"href":"https:\/\/hude-dmt.com\/de\/wp-json\/wp\/v2\/media?parent=1727"}],"curies":[{"name":"wp","href":"https:\/\/api.w.org\/{rel}","templated":true}]}}