{"id":1742,"date":"2024-12-18T22:57:49","date_gmt":"2024-12-18T22:57:49","guid":{"rendered":"https:\/\/hude-dmt.com\/impressum"},"modified":"2025-09-22T14:30:09","modified_gmt":"2025-09-22T14:30:09","slug":"impressum","status":"publish","type":"page","link":"https:\/\/hude-dmt.com\/de\/impressum","title":{"rendered":"Impressum"},"content":{"rendered":"\t\t<div data-elementor-type=\"wp-page\" data-elementor-id=\"1742\" class=\"elementor elementor-1742 elementor-1274\" data-elementor-post-type=\"page\">\n\t\t\t\t<div class=\"elementor-element elementor-element-2620697 e-flex e-con-boxed e-con e-parent\" data-id=\"2620697\" data-element_type=\"container\" data-e-type=\"container\" data-settings=\"{&quot;background_background&quot;:&quot;classic&quot;}\">\n\t\t\t\t\t<div class=\"e-con-inner\">\n\t\t\t\t<div class=\"elementor-element elementor-element-19102ae elementor-widget elementor-widget-elementskit-heading\" data-id=\"19102ae\" data-element_type=\"widget\" data-e-type=\"widget\" data-widget_type=\"elementskit-heading.default\">\n\t\t\t\t<div class=\"elementor-widget-container\">\n\t\t\t\t\t<div class=\"ekit-wid-con\" ><div class=\"ekit-heading elementskit-section-title-wraper    ekit_heading_tablet-   ekit_heading_mobile-\"><span class=\"elementskit-section-subtitle  \">\n\t\t\t\t\t\tINFORMATIONEN GEM\u00c4SS \u00a7 5 TMG\n\t\t\t\t\t<\/span><\/div><\/div>\t\t\t\t<\/div>\n\t\t\t\t<\/div>\n\t\t\t\t<div class=\"elementor-element elementor-element-5bc8fb1 elementor-widget elementor-widget-heading\" data-id=\"5bc8fb1\" data-element_type=\"widget\" data-e-type=\"widget\" data-widget_type=\"heading.default\">\n\t\t\t\t<div class=\"elementor-widget-container\">\n\t\t\t\t\t<h1 class=\"elementor-heading-title elementor-size-default\">Impressum<\/h1>\t\t\t\t<\/div>\n\t\t\t\t<\/div>\n\t\t\t\t\t<\/div>\n\t\t\t\t<\/div>\n\t\t<div class=\"elementor-element elementor-element-6cc314b e-flex e-con-boxed e-con e-parent\" data-id=\"6cc314b\" data-element_type=\"container\" data-e-type=\"container\" data-settings=\"{&quot;background_background&quot;:&quot;classic&quot;}\">\n\t\t\t\t\t<div class=\"e-con-inner\">\n\t\t<div class=\"elementor-element elementor-element-8a995a2 e-con-full e-flex e-con e-child\" data-id=\"8a995a2\" data-element_type=\"container\" data-e-type=\"container\">\n\t\t\t\t<div class=\"elementor-element elementor-element-698de5d elementor-toc--minimized-on-tablet elementor-widget elementor-widget-table-of-contents\" data-id=\"698de5d\" data-element_type=\"widget\" data-e-type=\"widget\" data-settings=\"{&quot;exclude_headings_by_selector&quot;:[],&quot;no_headings_message&quot;:&quot;No headings were found on this page.&quot;,&quot;sticky&quot;:&quot;top&quot;,&quot;sticky_parent&quot;:&quot;yes&quot;,&quot;headings_by_tags&quot;:[&quot;h2&quot;,&quot;h3&quot;,&quot;h4&quot;,&quot;h5&quot;,&quot;h6&quot;],&quot;marker_view&quot;:&quot;numbers&quot;,&quot;minimize_box&quot;:&quot;yes&quot;,&quot;minimized_on&quot;:&quot;tablet&quot;,&quot;hierarchical_view&quot;:&quot;yes&quot;,&quot;min_height&quot;:{&quot;unit&quot;:&quot;px&quot;,&quot;size&quot;:&quot;&quot;,&quot;sizes&quot;:[]},&quot;min_height_laptop&quot;:{&quot;unit&quot;:&quot;px&quot;,&quot;size&quot;:&quot;&quot;,&quot;sizes&quot;:[]},&quot;min_height_tablet&quot;:{&quot;unit&quot;:&quot;px&quot;,&quot;size&quot;:&quot;&quot;,&quot;sizes&quot;:[]},&quot;min_height_mobile&quot;:{&quot;unit&quot;:&quot;px&quot;,&quot;size&quot;:&quot;&quot;,&quot;sizes&quot;:[]},&quot;sticky_on&quot;:[&quot;desktop&quot;,&quot;laptop&quot;,&quot;tablet&quot;,&quot;mobile&quot;],&quot;sticky_offset&quot;:0,&quot;sticky_effects_offset&quot;:0,&quot;sticky_anchor_link_offset&quot;:0}\" data-widget_type=\"table-of-contents.default\">\n\t\t\t\t<div class=\"elementor-widget-container\">\n\t\t\t\t\t\t\t\t\t<div class=\"elementor-toc__header\">\n\t\t\t\t\t\t<h4 class=\"elementor-toc__header-title\">\n\t\t\t\tInhaltsverzeichnis\t\t\t<\/h4>\n\t\t\t\t\t\t\t\t\t\t<div class=\"elementor-toc__toggle-button elementor-toc__toggle-button--expand\" role=\"button\" tabindex=\"0\" aria-controls=\"elementor-toc__698de5d\" aria-expanded=\"true\" aria-label=\"Open table of contents\"><svg aria-hidden=\"true\" class=\"e-font-icon-svg e-fas-chevron-down\" viewBox=\"0 0 448 512\" xmlns=\"http:\/\/www.w3.org\/2000\/svg\"><path d=\"M207.029 381.476L12.686 187.132c-9.373-9.373-9.373-24.569 0-33.941l22.667-22.667c9.357-9.357 24.522-9.375 33.901-.04L224 284.505l154.745-154.021c9.379-9.335 24.544-9.317 33.901.04l22.667 22.667c9.373 9.373 9.373 24.569 0 33.941L240.971 381.476c-9.373 9.372-24.569 9.372-33.942 0z\"><\/path><\/svg><\/div>\n\t\t\t\t<div class=\"elementor-toc__toggle-button elementor-toc__toggle-button--collapse\" role=\"button\" tabindex=\"0\" aria-controls=\"elementor-toc__698de5d\" aria-expanded=\"true\" aria-label=\"Close table of contents\"><svg aria-hidden=\"true\" class=\"e-font-icon-svg e-fas-chevron-up\" viewBox=\"0 0 448 512\" xmlns=\"http:\/\/www.w3.org\/2000\/svg\"><path d=\"M240.971 130.524l194.343 194.343c9.373 9.373 9.373 24.569 0 33.941l-22.667 22.667c-9.357 9.357-24.522 9.375-33.901.04L224 227.495 69.255 381.516c-9.379 9.335-24.544 9.317-33.901-.04l-22.667-22.667c-9.373-9.373-9.373-24.569 0-33.941L207.03 130.525c9.372-9.373 24.568-9.373 33.941-.001z\"><\/path><\/svg><\/div>\n\t\t\t\t\t<\/div>\n\t\t\t\t<div id=\"elementor-toc__698de5d\" class=\"elementor-toc__body\">\n\t\t\t<div class=\"elementor-toc__spinner-container\">\n\t\t\t\t<svg class=\"elementor-toc__spinner eicon-animation-spin e-font-icon-svg e-eicon-loading\" aria-hidden=\"true\" viewBox=\"0 0 1000 1000\" xmlns=\"http:\/\/www.w3.org\/2000\/svg\"><path d=\"M500 975V858C696 858 858 696 858 500S696 142 500 142 142 304 142 500H25C25 237 238 25 500 25S975 237 975 500 763 975 500 975Z\"><\/path><\/svg>\t\t\t<\/div>\n\t\t<\/div>\n\t\t\t\t\t\t<\/div>\n\t\t\t\t<\/div>\n\t\t\t\t<\/div>\n\t\t<div class=\"elementor-element elementor-element-160583e e-con-full e-flex e-con e-child\" data-id=\"160583e\" data-element_type=\"container\" data-e-type=\"container\" data-settings=\"{&quot;background_background&quot;:&quot;classic&quot;}\">\n\t\t\t\t<div class=\"elementor-element elementor-element-ccbc077 elementor-widget elementor-widget-text-editor\" data-id=\"ccbc077\" data-element_type=\"widget\" data-e-type=\"widget\" data-widget_type=\"text-editor.default\">\n\t\t\t\t<div class=\"elementor-widget-container\">\n\t\t\t\t\t\t\t\t\t<address><strong>HuDe Datenmesstechnik GmbH<\/strong><br>Gewerbestra\u00dfe S\u00fcd 55<br>41812 Erkelenz<br>Deutschland<p>Telefon: +49 (0) 2431 \/ 957790<br>E-Mail: <a href=\"mailto:info@hude-dmt.com\">info@hude-dmt.com<\/a><br>Web: <a href=\"http:\/\/www.hude-dmt.com\" target=\"_blank\" rel=\"noopener\">http:\/\/www.hude-dmt.com<\/a><\/p><\/address><h2>Rechtliche Hinweise<\/h2><p>Gesch\u00e4ftsf\u00fchrung: Boris Schl\u00fcsener (<a href=\"mailto:info@hude-dmt.com\">info@hude-dmt.com<\/a>)<br>USt-ID gem\u00e4\u00df \u00a7 27a Umsatzsteuergesetz: DE 282 994 626<br>EORI-Nr.: DE 2677288<br>Registergericht: Amtsgericht M\u00f6nchengladbach<br>Registernummer: HRB 17572<br>Verantwortlich f\u00fcr den Inhalt gem\u00e4\u00df \u00a7 18 II MStV: Boris Schl\u00fcsener (<a href=\"mailto:info@hude-dmt.com\">info@hude-dmt.com<\/a>)<\/p><h2>Technische Informationen<\/h2><p>Technisch verantwortlich: Boris Schl\u00fcsener (<a href=\"mailto:info@hude-dmt.com\">info@hude-dmt.com<\/a>)<\/p><h2>Urheberrecht<\/h2><p>Der Inhalt der Website ist urheberrechtlich gesch\u00fctzt. Die Vervielf\u00e4ltigung von Informationen oder Daten, insbesondere die Verwendung von Texten, Textteilen oder Bildern, bedarf der vorherigen schriftlichen Zustimmung des Unternehmens.<br>Alle Informationen oder Daten, ihre Nutzung und die Registrierung auf der Website sowie alle Handlungen, Duldungen oder Unterlassungen im Zusammenhang mit der Website unterliegen ausschlie\u00dflich deutschem Recht.<br>Die Ver\u00f6ffentlichung oder Weiterverbreitung von Inhalten der HuDe GmbH-Seiten, einschlie\u00dflich sogenannter Framing und \u00e4hnlicher Ma\u00dfnahmen, ist ohne die ausdr\u00fcckliche schriftliche Genehmigung von HuDe <span style=\"color: var( --e-global-color-text ); font-family: var( --e-global-typography-text-font-family ), Sans-serif; font-weight: var( --e-global-typography-text-font-weight ); text-align: var(--text-align); font-size: 1rem;\">Datenmesstechnik<\/span> <span style=\"color: var( --e-global-color-text ); font-family: var( --e-global-typography-text-font-family ), Sans-serif; font-weight: var( --e-global-typography-text-font-weight ); text-align: var(--text-align); font-size: 1rem;\"> <\/span><span style=\"color: var( --e-global-color-text ); font-family: var( --e-global-typography-text-font-family ), Sans-serif; font-weight: var( --e-global-typography-text-font-weight ); text-align: var(--text-align); font-size: 1rem;\">GmbH nicht gestattet. Die Bild-\/Wortmarken von HuDe   <\/span><span style=\"color: var( --e-global-color-text ); font-family: var( --e-global-typography-text-font-family ), Sans-serif; font-weight: var( --e-global-typography-text-font-weight ); text-align: var(--text-align); font-size: 1rem;\">Datenmesstechnik<\/span><span style=\"color: var( --e-global-color-text ); font-family: var( --e-global-typography-text-font-family ), Sans-serif; font-weight: var( --e-global-typography-text-font-weight ); text-align: var(--text-align); font-size: 1rem;\"> <\/span><span style=\"color: var( --e-global-color-text ); font-family: var( --e-global-typography-text-font-family ), Sans-serif; font-weight: var( --e-global-typography-text-font-weight ); text-align: var(--text-align); font-size: 1rem;\">GmbH sind als gesch\u00fctzte Marke eingetragen.<\/span><\/p><p><strong>HuDe <\/strong><b><span style=\"color: var( --e-global-color-text ); font-family: var( --e-global-typography-text-font-family ), Sans-serif; text-align: var(--text-align); font-size: 1rem;\">datenmesstechnik<\/span><span style=\"color: var( --e-global-color-text ); font-family: var( --e-global-typography-text-font-family ), Sans-serif; text-align: var(--text-align); font-size: 1rem;\"> <\/span><\/b> <strong style=\"color: var( --e-global-color-text ); font-family: var( --e-global-typography-text-font-family ), Sans-serif; text-align: var(--text-align); font-size: 1rem;\">GmbH. Alle Rechte vorbehalten. <\/strong><\/p><h2>Haftungsausschluss<\/h2><p>Die von der HuDe Datenmesstechnik GmbH auf dieser Website bereitgestellten Informationen wurden mit gr\u00f6\u00dfter Sorgfalt zusammengestellt und werden st\u00e4ndig aktualisiert. Trotz sorgf\u00e4ltiger Kontrolle kann die vollst\u00e4ndige Richtigkeit nicht garantiert werden. HuDe <span style=\"color: var( --e-global-color-text ); font-family: var( --e-global-typography-text-font-family ), Sans-serif; font-weight: var( --e-global-typography-text-font-weight ); text-align: var(--text-align); font-size: 1rem;\">Datenmesstechnik<\/span>  <span style=\"color: var( --e-global-color-text ); font-family: var( --e-global-typography-text-font-family ), Sans-serif; font-weight: var( --e-global-typography-text-font-weight ); text-align: var(--text-align); font-size: 1rem;\"> <\/span><span style=\"color: var( --e-global-color-text ); font-family: var( --e-global-typography-text-font-family ), Sans-serif; font-weight: var( --e-global-typography-text-font-weight ); text-align: var(--text-align); font-size: 1rem;\">GmbH schlie\u00dft daher jegliche Haftung oder Garantie f\u00fcr die Richtigkeit, Vollst\u00e4ndigkeit und Aktualit\u00e4t der auf dieser Website bereitgestellten Informationen aus. Dies gilt insbesondere f\u00fcr Websites, auf die per Hyperlink verwiesen wird. Dies sind externe Websites, auf deren aktuelle und zuk\u00fcnftige Gestaltung, Inhalte oder Urheberschaft wir keinen Einfluss haben. HuDe     <\/span><span style=\"color: var( --e-global-color-text ); font-family: var( --e-global-typography-text-font-family ), Sans-serif; font-weight: var( --e-global-typography-text-font-weight ); text-align: var(--text-align); font-size: 1rem;\">Datenmesstechnik<\/span><span style=\"color: var( --e-global-color-text ); font-family: var( --e-global-typography-text-font-family ), Sans-serif; font-weight: var( --e-global-typography-text-font-weight ); text-align: var(--text-align); font-size: 1rem;\"> <\/span><span style=\"color: var( --e-global-color-text ); font-family: var( --e-global-typography-text-font-family ), Sans-serif; font-weight: var( --e-global-typography-text-font-weight ); text-align: var(--text-align); font-size: 1rem;\">GmbH schlie\u00dft daher ausdr\u00fccklich die Haftung f\u00fcr den Inhalt solcher Seiten und f\u00fcr Sch\u00e4den aus, die aus der Nutzung oder Nichtnutzung solcher Informationen entstehen. Die HuDe   <\/span><span style=\"color: var( --e-global-color-text ); font-family: var( --e-global-typography-text-font-family ), Sans-serif; font-weight: var( --e-global-typography-text-font-weight ); text-align: var(--text-align); font-size: 1rem;\">Datenmesstechnik<\/span><span style=\"color: var( --e-global-color-text ); font-family: var( --e-global-typography-text-font-family ), Sans-serif; font-weight: var( --e-global-typography-text-font-weight ); text-align: var(--text-align); font-size: 1rem;\"> <\/span><span style=\"color: var( --e-global-color-text ); font-family: var( --e-global-typography-text-font-family ), Sans-serif; font-weight: var( --e-global-typography-text-font-weight ); text-align: var(--text-align); font-size: 1rem;\">GmbH ist auch nicht verantwortlich f\u00fcr die Datenschutzpraktiken der Betreiber solcher Websites.<\/span><\/p><p>HuDe <span style=\"color: var( --e-global-color-text ); font-family: var( --e-global-typography-text-font-family ), Sans-serif; font-weight: var( --e-global-typography-text-font-weight ); text-align: var(--text-align); font-size: 1rem;\">datenmesstechnik<\/span><span style=\"color: var( --e-global-color-text ); font-family: var( --e-global-typography-text-font-family ), Sans-serif; font-weight: var( --e-global-typography-text-font-weight ); text-align: var(--text-align); font-size: 1rem;\"> <\/span><span style=\"color: var( --e-global-color-text ); font-family: var( --e-global-typography-text-font-family ), Sans-serif; font-weight: var( --e-global-typography-text-font-weight ); text-align: var(--text-align); font-size: 1rem;\">GmbH beh\u00e4lt sich das Recht vor, jederzeit ohne Vorank\u00fcndigung \u00c4nderungen oder Erg\u00e4nzungen der bereitgestellten Informationen oder Daten vorzunehmen. Soweit unsere Internetseiten zukunftsgerichtete Aussagen enthalten, basieren diese Aussagen auf \u00dcberzeugungen und Einsch\u00e4tzungen des HuDe-Managements und unterliegen daher Risiken und Unsicherheiten. HuDe    <\/span><span style=\"color: var( --e-global-color-text ); font-family: var( --e-global-typography-text-font-family ), Sans-serif; font-weight: var( --e-global-typography-text-font-weight ); text-align: var(--text-align); font-size: 1rem;\">Datenmesstechnik<\/span><span style=\"color: var( --e-global-color-text ); font-family: var( --e-global-typography-text-font-family ), Sans-serif; font-weight: var( --e-global-typography-text-font-weight ); text-align: var(--text-align); font-size: 1rem;\"> <\/span><span style=\"color: var( --e-global-color-text ); font-family: var( --e-global-typography-text-font-family ), Sans-serif; font-weight: var( --e-global-typography-text-font-weight ); text-align: var(--text-align); font-size: 1rem;\">GmbH ist nicht verpflichtet, solche zukunftsgerichteten Aussagen zu aktualisieren. Die Haftung f\u00fcr solche Aussagen ist ausdr\u00fccklich ausgeschlossen. <\/span><\/p><p>Die Inhalte dieser Websites sprechen Frauen und M\u00e4nner gleicherma\u00dfen an. Zur besseren Lesbarkeit wird nur die m\u00e4nnliche Sprachform verwendet. Begriffe wie \u201eKunde\u201c, \u201eMitarbeiter\u201c, \u201eIngenieur\u201c oder \u201eStudent\u201c sind daher als geschlechtsneutral zu betrachten.  <\/p>\t\t\t\t\t\t\t\t<\/div>\n\t\t\t\t<\/div>\n\t\t\t\t<\/div>\n\t\t\t\t\t<\/div>\n\t\t\t\t<\/div>\n\t\t\t\t<\/div>\n\t\t","protected":false},"excerpt":{"rendered":"<p>INFORMATIONEN GEM\u00c4SS \u00a7 5 TMG Impressum Inhaltsverzeichnis HuDe Datenmesstechnik GmbHGewerbestra\u00dfe S\u00fcd 5541812 ErkelenzDeutschland Telefon: +49 (0) 2431 \/ 957790E-Mail: info@hude-dmt.comWeb: http:\/\/www.hude-dmt.com Rechtliche Hinweise Gesch\u00e4ftsf\u00fchrung: Boris Schl\u00fcsener (info@hude-dmt.com)USt-ID gem\u00e4\u00df \u00a7 27a Umsatzsteuergesetz: DE 282 994 626EORI-Nr.: DE 2677288Registergericht: Amtsgericht M\u00f6nchengladbachRegisternummer: HRB 17572Verantwortlich f\u00fcr den Inhalt gem\u00e4\u00df \u00a7 18 II MStV: Boris Schl\u00fcsener (info@hude-dmt.com) Technische Informationen Technisch [&hellip;]<\/p>\n","protected":false},"author":1,"featured_media":0,"parent":0,"menu_order":0,"comment_status":"closed","ping_status":"closed","template":"","meta":{"footnotes":""},"class_list":["post-1742","page","type-page","status-publish","hentry"],"yoast_head":"<!-- This site is optimized with the Yoast SEO plugin v26.6 - https:\/\/yoast.com\/wordpress\/plugins\/seo\/ -->\n<title>Impressum - HuDe Datenmesstechnik GmbH<\/title>\n<meta name=\"robots\" content=\"noindex, nofollow\" \/>\n<meta property=\"og:locale\" content=\"de_DE\" \/>\n<meta property=\"og:type\" content=\"article\" \/>\n<meta property=\"og:title\" content=\"Impressum - HuDe Datenmesstechnik GmbH\" \/>\n<meta property=\"og:description\" content=\"INFORMATIONEN GEM\u00c4SS \u00a7 5 TMG Impressum Inhaltsverzeichnis HuDe Datenmesstechnik GmbHGewerbestra\u00dfe S\u00fcd 5541812 ErkelenzDeutschland Telefon: +49 (0) 2431 \/ 957790E-Mail: info@hude-dmt.comWeb: http:\/\/www.hude-dmt.com Rechtliche Hinweise Gesch\u00e4ftsf\u00fchrung: Boris Schl\u00fcsener (info@hude-dmt.com)USt-ID gem\u00e4\u00df \u00a7 27a Umsatzsteuergesetz: DE 282 994 626EORI-Nr.: DE 2677288Registergericht: Amtsgericht M\u00f6nchengladbachRegisternummer: HRB 17572Verantwortlich f\u00fcr den Inhalt gem\u00e4\u00df \u00a7 18 II MStV: Boris Schl\u00fcsener (info@hude-dmt.com) Technische Informationen Technisch [&hellip;]\" \/>\n<meta property=\"og:url\" content=\"https:\/\/hude-dmt.com\/de\/impressum\" \/>\n<meta property=\"og:site_name\" content=\"HuDe Datenmesstechnik GmbH\" \/>\n<meta property=\"article:modified_time\" content=\"2025-09-22T14:30:09+00:00\" \/>\n<meta name=\"twitter:card\" content=\"summary_large_image\" \/>\n<meta name=\"twitter:label1\" content=\"Gesch\u00e4tzte Lesezeit\" \/>\n\t<meta name=\"twitter:data1\" content=\"2\u00a0Minuten\" \/>\n<script type=\"application\/ld+json\" class=\"yoast-schema-graph\">{\"@context\":\"https:\/\/schema.org\",\"@graph\":[{\"@type\":\"WebPage\",\"@id\":\"https:\/\/hude-dmt.com\/de\/impressum\",\"url\":\"https:\/\/hude-dmt.com\/de\/impressum\",\"name\":\"Impressum - HuDe Datenmesstechnik GmbH\",\"isPartOf\":{\"@id\":\"https:\/\/hude-dmt.com\/de#website\"},\"datePublished\":\"2024-12-18T22:57:49+00:00\",\"dateModified\":\"2025-09-22T14:30:09+00:00\",\"breadcrumb\":{\"@id\":\"https:\/\/hude-dmt.com\/de\/impressum#breadcrumb\"},\"inLanguage\":\"de\",\"potentialAction\":[{\"@type\":\"ReadAction\",\"target\":[\"https:\/\/hude-dmt.com\/de\/impressum\"]}]},{\"@type\":\"BreadcrumbList\",\"@id\":\"https:\/\/hude-dmt.com\/de\/impressum#breadcrumb\",\"itemListElement\":[{\"@type\":\"ListItem\",\"position\":1,\"name\":\"Startseite\",\"item\":\"https:\/\/hude-dmt.com\/de\"},{\"@type\":\"ListItem\",\"position\":2,\"name\":\"Impressum\"}]},{\"@type\":\"WebSite\",\"@id\":\"https:\/\/hude-dmt.com\/de#website\",\"url\":\"https:\/\/hude-dmt.com\/de\",\"name\":\"HuDe Datenmesstechnik GmbH\",\"description\":\"\",\"publisher\":{\"@id\":\"https:\/\/hude-dmt.com\/de#organization\"},\"potentialAction\":[{\"@type\":\"SearchAction\",\"target\":{\"@type\":\"EntryPoint\",\"urlTemplate\":\"https:\/\/hude-dmt.com\/de?s={search_term_string}\"},\"query-input\":{\"@type\":\"PropertyValueSpecification\",\"valueRequired\":true,\"valueName\":\"search_term_string\"}}],\"inLanguage\":\"de\"},{\"@type\":\"Organization\",\"@id\":\"https:\/\/hude-dmt.com\/de#organization\",\"name\":\"HuDe Datenmesstechnik GmbH\",\"url\":\"https:\/\/hude-dmt.com\/de\",\"logo\":{\"@type\":\"ImageObject\",\"inLanguage\":\"de\",\"@id\":\"https:\/\/hude-dmt.com\/de#\/schema\/logo\/image\/\",\"url\":\"https:\/\/hude-dmt.com\/wp-content\/uploads\/2024\/08\/HuDe_Logo_c.svg\",\"contentUrl\":\"https:\/\/hude-dmt.com\/wp-content\/uploads\/2024\/08\/HuDe_Logo_c.svg\",\"width\":300,\"height\":75,\"caption\":\"HuDe Datenmesstechnik GmbH\"},\"image\":{\"@id\":\"https:\/\/hude-dmt.com\/de#\/schema\/logo\/image\/\"},\"sameAs\":[\"https:\/\/de.linkedin.com\/company\/hude-dmt\"]}]}<\/script>\n<!-- \/ Yoast SEO plugin. -->","yoast_head_json":{"title":"Impressum - HuDe Datenmesstechnik GmbH","robots":{"index":"noindex","follow":"nofollow"},"og_locale":"de_DE","og_type":"article","og_title":"Impressum - HuDe Datenmesstechnik GmbH","og_description":"INFORMATIONEN GEM\u00c4SS \u00a7 5 TMG Impressum Inhaltsverzeichnis HuDe Datenmesstechnik GmbHGewerbestra\u00dfe S\u00fcd 5541812 ErkelenzDeutschland Telefon: +49 (0) 2431 \/ 957790E-Mail: info@hude-dmt.comWeb: http:\/\/www.hude-dmt.com Rechtliche Hinweise Gesch\u00e4ftsf\u00fchrung: Boris Schl\u00fcsener (info@hude-dmt.com)USt-ID gem\u00e4\u00df \u00a7 27a Umsatzsteuergesetz: DE 282 994 626EORI-Nr.: DE 2677288Registergericht: Amtsgericht M\u00f6nchengladbachRegisternummer: HRB 17572Verantwortlich f\u00fcr den Inhalt gem\u00e4\u00df \u00a7 18 II MStV: Boris Schl\u00fcsener (info@hude-dmt.com) Technische Informationen Technisch [&hellip;]","og_url":"https:\/\/hude-dmt.com\/de\/impressum","og_site_name":"HuDe Datenmesstechnik GmbH","article_modified_time":"2025-09-22T14:30:09+00:00","twitter_card":"summary_large_image","twitter_misc":{"Gesch\u00e4tzte Lesezeit":"2\u00a0Minuten"},"schema":{"@context":"https:\/\/schema.org","@graph":[{"@type":"WebPage","@id":"https:\/\/hude-dmt.com\/de\/impressum","url":"https:\/\/hude-dmt.com\/de\/impressum","name":"Impressum - HuDe Datenmesstechnik GmbH","isPartOf":{"@id":"https:\/\/hude-dmt.com\/de#website"},"datePublished":"2024-12-18T22:57:49+00:00","dateModified":"2025-09-22T14:30:09+00:00","breadcrumb":{"@id":"https:\/\/hude-dmt.com\/de\/impressum#breadcrumb"},"inLanguage":"de","potentialAction":[{"@type":"ReadAction","target":["https:\/\/hude-dmt.com\/de\/impressum"]}]},{"@type":"BreadcrumbList","@id":"https:\/\/hude-dmt.com\/de\/impressum#breadcrumb","itemListElement":[{"@type":"ListItem","position":1,"name":"Startseite","item":"https:\/\/hude-dmt.com\/de"},{"@type":"ListItem","position":2,"name":"Impressum"}]},{"@type":"WebSite","@id":"https:\/\/hude-dmt.com\/de#website","url":"https:\/\/hude-dmt.com\/de","name":"HuDe Datenmesstechnik GmbH","description":"","publisher":{"@id":"https:\/\/hude-dmt.com\/de#organization"},"potentialAction":[{"@type":"SearchAction","target":{"@type":"EntryPoint","urlTemplate":"https:\/\/hude-dmt.com\/de?s={search_term_string}"},"query-input":{"@type":"PropertyValueSpecification","valueRequired":true,"valueName":"search_term_string"}}],"inLanguage":"de"},{"@type":"Organization","@id":"https:\/\/hude-dmt.com\/de#organization","name":"HuDe Datenmesstechnik GmbH","url":"https:\/\/hude-dmt.com\/de","logo":{"@type":"ImageObject","inLanguage":"de","@id":"https:\/\/hude-dmt.com\/de#\/schema\/logo\/image\/","url":"https:\/\/hude-dmt.com\/wp-content\/uploads\/2024\/08\/HuDe_Logo_c.svg","contentUrl":"https:\/\/hude-dmt.com\/wp-content\/uploads\/2024\/08\/HuDe_Logo_c.svg","width":300,"height":75,"caption":"HuDe Datenmesstechnik GmbH"},"image":{"@id":"https:\/\/hude-dmt.com\/de#\/schema\/logo\/image\/"},"sameAs":["https:\/\/de.linkedin.com\/company\/hude-dmt"]}]}},"_links":{"self":[{"href":"https:\/\/hude-dmt.com\/de\/wp-json\/wp\/v2\/pages\/1742","targetHints":{"allow":["GET"]}}],"collection":[{"href":"https:\/\/hude-dmt.com\/de\/wp-json\/wp\/v2\/pages"}],"about":[{"href":"https:\/\/hude-dmt.com\/de\/wp-json\/wp\/v2\/types\/page"}],"author":[{"embeddable":true,"href":"https:\/\/hude-dmt.com\/de\/wp-json\/wp\/v2\/users\/1"}],"replies":[{"embeddable":true,"href":"https:\/\/hude-dmt.com\/de\/wp-json\/wp\/v2\/comments?post=1742"}],"version-history":[{"count":1,"href":"https:\/\/hude-dmt.com\/de\/wp-json\/wp\/v2\/pages\/1742\/revisions"}],"predecessor-version":[{"id":1743,"href":"https:\/\/hude-dmt.com\/de\/wp-json\/wp\/v2\/pages\/1742\/revisions\/1743"}],"wp:attachment":[{"href":"https:\/\/hude-dmt.com\/de\/wp-json\/wp\/v2\/media?parent=1742"}],"curies":[{"name":"wp","href":"https:\/\/api.w.org\/{rel}","templated":true}]}}